{"id":580,"date":"2018-06-23T18:07:54","date_gmt":"2018-06-23T16:07:54","guid":{"rendered":"http:\/\/www.joyandlight.de\/ueber-uns\/?page_id=580"},"modified":"2018-11-27T21:19:27","modified_gmt":"2018-11-27T20:19:27","slug":"datenschutzerklaerung","status":"publish","type":"page","link":"https:\/\/www.joyandlight.de\/ueber-uns\/datenschutzerklaerung\/","title":{"rendered":"Datenschutzerkl\u00e4rung"},"content":{"rendered":"<p><strong>Hinweise zur Datenverarbeitung:<\/strong><\/p>\n<p>Sehr geehrter Besucher unserer Homepage,<br \/>\nwir sind verpflichtet, Sie umfassend \u00fcber den Umfang und den Zweck der im Rahmen der Homepagenutzung erhobener Daten und Ihre damit verbundenen Rechte zu informieren.<br \/>\nDiese Hinweise zur Datenverarbeitung gelten f\u00fcr die Datenverarbeitung durch den Gospelchor Joy and Light Fellbach<\/p>\n<p>Verantwortlich f\u00fcr die Verarbeitung ist:<\/p>\n<p>Gospelchor Joy and Light \/ Fellbach<br \/>\nKontakt: E-Mail:<br \/>\nwebmaster@joyandlight.de<\/p>\n<p>Die Erhebung und Nutzung Ihrer Daten erfolgt streng nach den Vorgaben des Bundesdatenschutzgesetzes (BDSG) und des Telemediengesetzes (TMG) sowie der Datenschutz Grundverordnung (DSGVO).<\/p>\n<p>Wir f\u00fchlen uns der Vertraulichkeit Ihrer personenbezogenen Daten besonders verpflichtet und arbeiten deshalb streng innerhalb der Grenzen, die die gesetzlichen Vorgaben uns setzen. Die Erhebung dieser personenbezogenen Daten erfolgt auf freiwilliger Basis, wenn uns das m\u00f6glich ist. Auch geben wir diese Daten nur mit Ihrer ausdr\u00fccklichen Zustimmung an Dritte weiter.&nbsp;<\/p>\n<p>Wir m\u00f6chten es aber an dieser Stelle nicht vers\u00e4umen, auf die allgemeinen Gefahren der Internetnutzung hinzuweisen, auf die wir keinen Einfluss haben. Besonders im E-Mail-Verkehr sind Ihre Daten ohne weitere Vorkehrungen nicht sicher und k\u00f6nnen unter Umst\u00e4nden von Dritten erfasst werden.<\/p>\n<p><strong>Cookies:<\/strong><br \/>\nDie Internetseiten verwenden teilweise sogenannte Cookies. Cookies richten auf Ihrem Rechner keinen Schaden an und enthalten keine Viren. Cookies dienen dazu, unser Angebot nutzerfreundlicher, effektiver und sicherer zu machen. Cookies sind kleine Textdateien, die auf Ihrem Rechner abgelegt werden und die Ihr Browser speichert. Die meisten der von uns verwendeten Cookies sind sogenannte \u201eSession-Cookies\u201c. Sie werden nach Ende Ihres Besuches automatisch gel\u00f6scht. Andere Cookies bleiben auf Ihrem Endger\u00e4t gespeichert, bis Sie diese l\u00f6schen. Diese Cookies erm\u00f6glichen es uns, Ihren Browser beim n\u00e4chsten Besuch wiederzuerkennen. Sie k\u00f6nnen Ihren Browser so einstellen, dass Sie \u00fcber das Setzen von Cookies informiert werden und Cookies nur im Einzelfall erlauben, die Annahme von Cookies f\u00fcr bestimmte F\u00e4lle oder generell ausschlie\u00dfen sowie das automatische L\u00f6schen der Cookies beim Schlie\u00dfen des Browsers aktivieren. Bei der Deaktivierung von Cookies kann die Funktionalit\u00e4t dieser Website eingeschr\u00e4nkt sein.<\/p>\n<p><strong>Server-Log-Files:<\/strong><br \/>\nDer Provider der Seiten erhebt und speichert automatisch Informationen in sogenannten Server-Log-Files, die Ihr Browser automatisch an uns \u00fcbermittelt. Dies sind: Browsertyp und Browserversion, verwendetes Betriebssystem, Referrer URL, Hostname des zugreifenden Rechners, Uhrzeit der Serveranfrage. Diese Dateien sind nicht bestimmten Personen zuordenbar. Eine Zusammenf\u00fchrung dieser Daten mit anderen Datenquellen wird nicht vorgenommen. Wir behalten uns vor, diese Daten nachtr\u00e4glich zu pr\u00fcfen, wenn uns konkrete Anhaltspunkte f\u00fcr eine rechtwidrige Nutzung bekannt werden.<\/p>\n<p><strong>Auskunft, L\u00f6schung, Sperrung:<\/strong><br \/>\nSie haben jederzeit das Recht auf unentgeltliche Auskunft \u00fcber die von uns gespeicherten personenbezogenen Daten zu Ihrer Person sowie zur Herkunft, dem Empf\u00e4nger und dem Zweck von Datenerhebung sowie Datenverarbeitung. Au\u00dferdem haben Sie das Recht, die Berichtigung, die Sperrung oder L\u00f6schung Ihrer Daten zu verlangen. F\u00fcr alle Fragen und Anliegen zur Berichtigung, Sperrung oder L\u00f6schung von personenbezogenen Daten wenden Sie sich bitte an die im Impressum genannte Adresse.<\/p>\n<p><strong>Kontaktformular:<\/strong><\/p>\n<p>Wenn Sie uns per Kontaktformular Anfragen zukommen lassen, werden Ihre Angaben aus dem Kontaktformular inklusive der von Ihnen dort angegebenen Kontaktdaten zwecks Bearbeitung der Anfrage und f\u00fcr den Fall von Anschlussfragen bei uns gespeichert. Diese Daten geben wir nicht ohne Ihre Einwilligung weiter.<\/p>\n<p><strong>Personenbezogene Daten:<\/strong><br \/>\nPersonenbezogene Daten erheben wir im Rahmen von Datenvermeidung und Datensparsamkeit nur in dem Ausma\u00df und so lange, wie es zur Nutzung unserer Webseite notwendig ist, beziehungsweise vom Gesetzgeber vorgeschrieben wird. Wir nehmen den Schutz Ihrer pers\u00f6nlichen Daten ernst und halten uns bei Erhebung und Verarbeitung personenbezogener Daten streng an die entsprechenden gesetzlichen Vorschriften und an<br \/>\ndiese Datenschutzerkl\u00e4rung. F\u00e4llt der Zweck der Datenerhebung weg oder ist das Ende der gesetzlichen Speicherfrist erreicht, werden die erhobenen Daten gesperrt oder gel\u00f6scht. Regelm\u00e4\u00dfig kann unsere Webseite ohne die Weitergabe pers\u00f6nlicher Daten genutzt werden. Wenn wir personenbezogene Daten erheben \u2013 etwa Ihren Namen, Ihre Anschrift oder Ihre E-Mail-Adresse \u2013 erfolgt diese Datenerhebung freiwillig. Ohne eine ausdr\u00fccklich erteilte Zustimmung von Ihrer Seite werden diese Daten Dritten nicht zur Kenntnis gebracht. Beachten Sie bitte, dass Daten im Internet allgemein nicht immer sicher \u00fcbertragen werden. Besonders im E-Mail-Verkehr kann der Schutz beim Datenaustausch nicht garantiert werden.<\/p>\n<p><strong>Google Maps Plugin:<\/strong><br \/>\nWir setzen auf unserer Webseite ein Plugin des Internetdienstes Google Maps ein. Betreiber von Google Maps ist Google Inc., ans\u00e4ssig in den USA, CA 94043, 1600 Amphitheatre Parkway, Mountain View. Indem Sie Google Maps auf unserer Webseite nutzen, werden Informationen \u00fcber die Nutzung dieser Webseite und Ihre IP-Adresse an einen Google-Server in den USA \u00fcbermittelt und auch auf diesem Server gespeichert. Wir haben keine Kenntnis \u00fcber den genauen Inhalt der \u00fcbermittelten Daten, noch \u00fcber ihre Nutzung durch Google. Das Unternehmen verneint in diesem Kontext die Verbindung der Daten mit Informationen aus anderen Google-Diensten und die Erfassung personenbezogener Daten. Allerdings kann Google die Informationen an Dritte \u00fcbermitteln. Wenn Sie Javascript in Ihrem Browser deaktivieren, verhindern Sie die Ausf\u00fchrung von Google Maps. Sie k\u00f6nnen dann aber auch keine Kartenanzeige auf unserer Webseite nutzen. Mit der Nutzung unserer Webseite erkl\u00e4ren Sie Ihr Einverst\u00e4ndnis mit der beschriebenen Erfassung und Verarbeitung der Informationen durch Google Inc.. N\u00e4heres zu den Datenschutzbestimmungen und Nutzungsbedingungen f\u00fcr Google Maps erfahren Sie hier: <a href=\"https:\/\/www.google.com\/intl\/de_de\/help\/terms_maps.html\" target=\"_blank\" rel=\"noopener\">https:\/\/www.google.com\/intl\/de_de\/help\/terms_maps.html<\/a>.<\/p>\n<p><strong>SSL-Verschl\u00fcsselung:<br \/>\n<\/strong>Diese Seite nutzt aus Gr\u00fcnden der Sicherheit und zum Schutz der \u00dcbertragung vertraulicher Inhalte, wie zum Beispiel der Anfragen, die Sie an uns als Seitenbetreiber senden, eine SSL-Verschl\u00fcsselung. Eine verschl\u00fcsselte Verbindung erkennen Sie daran, dass die Adresszeile des Browsers von \u201ehttp:\/\/\u201c auf \u201ehttps:\/\/\u201c wechselt und an dem Schloss-Symbol in Ihrer Browserzeile.<br \/>\nWenn die SSL Verschl\u00fcsselung aktiviert ist, k\u00f6nnen die Daten, die Sie an uns \u00fcbermitteln, nicht von Dritten mitgelesen werden.<\/p>\n<p><strong>Widerspruch Werbe-E-Mails:<\/strong><br \/>\nIm Rahmen der gesetzlichen Impressumspflicht m\u00fcssen wir unsere Kontaktdaten ver\u00f6ffentlichen. Diese werden von dritten Personen teilweise zur \u00dcbersendung nicht erw\u00fcnschter Werbung und Informationen genutzt. Wir widersprechen hiermit jeglicher von uns nicht ausdr\u00fccklich autorisierten \u00dcbersendung von Werbematerial aller Art. Wir behalten uns ferner ausdr\u00fccklich rechtliche Schritte gegen die unerw\u00fcnschte und unverlangte Zusendung von Werbematerial vor. Dies gilt insbesondere f\u00fcr sogenannte Spam-E-Mails, Spam-Briefe und Spam-Faxe. Wir weisen darauf hin, dass die unautorisierte \u00dcbermittlung von Werbematerial sowohl wettbewerbsrechtliche, zivilrechtliche und strafrechtliche Tatbest\u00e4nde ber\u00fchren kann. Speziell Spam-E-Mails und Spam-Faxe k\u00f6nnen zu hohen Schadensersatzforderungen f\u00fchren, wenn sie den Gesch\u00e4ftsbetrieb durch \u00dcberf\u00fcllung von Postf\u00e4chern oder Faxger\u00e4ten st\u00f6ren.<\/p>\n","protected":false},"excerpt":{"rendered":"<p>Hinweise zur Datenverarbeitung: Sehr geehrter Besucher unserer Homepage, wir sind verpflichtet, Sie umfassend \u00fcber den Umfang und den Zweck der im Rahmen der Homepagenutzung erhobener Daten<span class=\"excerpt-hellip\"> [\u2026]<\/span><\/p>\n","protected":false},"author":1,"featured_media":0,"parent":0,"menu_order":0,"comment_status":"closed","ping_status":"closed","template":"","meta":{"ngg_post_thumbnail":0,"footnotes":""},"class_list":["post-580","page","type-page","status-publish","hentry"],"yoast_head":"<!-- This site is optimized with the Yoast SEO plugin v27.4 - https:\/\/yoast.com\/product\/yoast-seo-wordpress\/ -->\n<title>Datenschutzerkl\u00e4rung - Gospelchor-Joy-and-Light<\/title>\n<meta name=\"robots\" content=\"index, follow, max-snippet:-1, max-image-preview:large, max-video-preview:-1\" \/>\n<link rel=\"canonical\" href=\"https:\/\/www.joyandlight.de\/ueber-uns\/datenschutzerklaerung\/\" \/>\n<meta property=\"og:locale\" content=\"de_DE\" \/>\n<meta property=\"og:type\" content=\"article\" \/>\n<meta property=\"og:title\" content=\"Datenschutzerkl\u00e4rung - Gospelchor-Joy-and-Light\" \/>\n<meta property=\"og:description\" content=\"Hinweise zur Datenverarbeitung: Sehr geehrter Besucher unserer Homepage, wir sind verpflichtet, Sie umfassend \u00fcber den Umfang und den Zweck der im Rahmen der Homepagenutzung erhobener Daten [\u2026]\" \/>\n<meta property=\"og:url\" content=\"https:\/\/www.joyandlight.de\/ueber-uns\/datenschutzerklaerung\/\" \/>\n<meta property=\"og:site_name\" content=\"Gospelchor-Joy-and-Light\" \/>\n<meta property=\"article:modified_time\" content=\"2018-11-27T20:19:27+00:00\" \/>\n<meta property=\"og:image\" content=\"https:\/\/www.joyandlight.de\/wp-content\/uploads\/2016\/09\/IMG_komplett-ansocht-1024x683.jpg\" \/>\n\t<meta property=\"og:image:width\" content=\"1024\" \/>\n\t<meta property=\"og:image:height\" content=\"683\" \/>\n\t<meta property=\"og:image:type\" content=\"image\/jpeg\" \/>\n<meta name=\"twitter:card\" content=\"summary_large_image\" \/>\n<meta name=\"twitter:label1\" content=\"Gesch\u00e4tzte Lesezeit\" \/>\n\t<meta name=\"twitter:data1\" content=\"5\u00a0Minuten\" \/>\n<script type=\"application\/ld+json\" class=\"yoast-schema-graph\">{\"@context\":\"https:\\\/\\\/schema.org\",\"@graph\":[{\"@type\":\"WebPage\",\"@id\":\"https:\\\/\\\/www.joyandlight.de\\\/ueber-uns\\\/datenschutzerklaerung\\\/\",\"url\":\"https:\\\/\\\/www.joyandlight.de\\\/ueber-uns\\\/datenschutzerklaerung\\\/\",\"name\":\"Datenschutzerkl\u00e4rung - Gospelchor-Joy-and-Light\",\"isPartOf\":{\"@id\":\"https:\\\/\\\/www.joyandlight.de\\\/ueber-uns\\\/#website\"},\"datePublished\":\"2018-06-23T16:07:54+00:00\",\"dateModified\":\"2018-11-27T20:19:27+00:00\",\"breadcrumb\":{\"@id\":\"https:\\\/\\\/www.joyandlight.de\\\/ueber-uns\\\/datenschutzerklaerung\\\/#breadcrumb\"},\"inLanguage\":\"de\",\"potentialAction\":[{\"@type\":\"ReadAction\",\"target\":[\"https:\\\/\\\/www.joyandlight.de\\\/ueber-uns\\\/datenschutzerklaerung\\\/\"]}]},{\"@type\":\"BreadcrumbList\",\"@id\":\"https:\\\/\\\/www.joyandlight.de\\\/ueber-uns\\\/datenschutzerklaerung\\\/#breadcrumb\",\"itemListElement\":[{\"@type\":\"ListItem\",\"position\":1,\"name\":\"Startseite\",\"item\":\"https:\\\/\\\/www.joyandlight.de\\\/ueber-uns\\\/\"},{\"@type\":\"ListItem\",\"position\":2,\"name\":\"Datenschutzerkl\u00e4rung\"}]},{\"@type\":\"WebSite\",\"@id\":\"https:\\\/\\\/www.joyandlight.de\\\/ueber-uns\\\/#website\",\"url\":\"https:\\\/\\\/www.joyandlight.de\\\/ueber-uns\\\/\",\"name\":\"Gospelchor-Joy-and-Light\",\"description\":\"Bring Joy and Light into the heart of people\",\"publisher\":{\"@id\":\"https:\\\/\\\/www.joyandlight.de\\\/ueber-uns\\\/#organization\"},\"alternateName\":\"Webpage des Gospelchors Joy and Light\",\"potentialAction\":[{\"@type\":\"SearchAction\",\"target\":{\"@type\":\"EntryPoint\",\"urlTemplate\":\"https:\\\/\\\/www.joyandlight.de\\\/ueber-uns\\\/?s={search_term_string}\"},\"query-input\":{\"@type\":\"PropertyValueSpecification\",\"valueRequired\":true,\"valueName\":\"search_term_string\"}}],\"inLanguage\":\"de\"},{\"@type\":\"Organization\",\"@id\":\"https:\\\/\\\/www.joyandlight.de\\\/ueber-uns\\\/#organization\",\"name\":\"Gospelchor Joy&Light\",\"alternateName\":\"Gospelchor Joy&Light\",\"url\":\"https:\\\/\\\/www.joyandlight.de\\\/ueber-uns\\\/\",\"logo\":{\"@type\":\"ImageObject\",\"inLanguage\":\"de\",\"@id\":\"https:\\\/\\\/www.joyandlight.de\\\/ueber-uns\\\/#\\\/schema\\\/logo\\\/image\\\/\",\"url\":\"https:\\\/\\\/www.joyandlight.de\\\/wp-content\\\/uploads\\\/2016\\\/09\\\/logo-joy-and-light-e1474115253124.jpg\",\"contentUrl\":\"https:\\\/\\\/www.joyandlight.de\\\/wp-content\\\/uploads\\\/2016\\\/09\\\/logo-joy-and-light-e1474115253124.jpg\",\"width\":200,\"height\":172,\"caption\":\"Gospelchor Joy&Light\"},\"image\":{\"@id\":\"https:\\\/\\\/www.joyandlight.de\\\/ueber-uns\\\/#\\\/schema\\\/logo\\\/image\\\/\"}}]}<\/script>\n<!-- \/ Yoast SEO plugin. -->","yoast_head_json":{"title":"Datenschutzerkl\u00e4rung - Gospelchor-Joy-and-Light","robots":{"index":"index","follow":"follow","max-snippet":"max-snippet:-1","max-image-preview":"max-image-preview:large","max-video-preview":"max-video-preview:-1"},"canonical":"https:\/\/www.joyandlight.de\/ueber-uns\/datenschutzerklaerung\/","og_locale":"de_DE","og_type":"article","og_title":"Datenschutzerkl\u00e4rung - Gospelchor-Joy-and-Light","og_description":"Hinweise zur Datenverarbeitung: Sehr geehrter Besucher unserer Homepage, wir sind verpflichtet, Sie umfassend \u00fcber den Umfang und den Zweck der im Rahmen der Homepagenutzung erhobener Daten [\u2026]","og_url":"https:\/\/www.joyandlight.de\/ueber-uns\/datenschutzerklaerung\/","og_site_name":"Gospelchor-Joy-and-Light","article_modified_time":"2018-11-27T20:19:27+00:00","og_image":[{"width":1024,"height":683,"url":"https:\/\/www.joyandlight.de\/wp-content\/uploads\/2016\/09\/IMG_komplett-ansocht-1024x683.jpg","type":"image\/jpeg"}],"twitter_card":"summary_large_image","twitter_misc":{"Gesch\u00e4tzte Lesezeit":"5\u00a0Minuten"},"schema":{"@context":"https:\/\/schema.org","@graph":[{"@type":"WebPage","@id":"https:\/\/www.joyandlight.de\/ueber-uns\/datenschutzerklaerung\/","url":"https:\/\/www.joyandlight.de\/ueber-uns\/datenschutzerklaerung\/","name":"Datenschutzerkl\u00e4rung - Gospelchor-Joy-and-Light","isPartOf":{"@id":"https:\/\/www.joyandlight.de\/ueber-uns\/#website"},"datePublished":"2018-06-23T16:07:54+00:00","dateModified":"2018-11-27T20:19:27+00:00","breadcrumb":{"@id":"https:\/\/www.joyandlight.de\/ueber-uns\/datenschutzerklaerung\/#breadcrumb"},"inLanguage":"de","potentialAction":[{"@type":"ReadAction","target":["https:\/\/www.joyandlight.de\/ueber-uns\/datenschutzerklaerung\/"]}]},{"@type":"BreadcrumbList","@id":"https:\/\/www.joyandlight.de\/ueber-uns\/datenschutzerklaerung\/#breadcrumb","itemListElement":[{"@type":"ListItem","position":1,"name":"Startseite","item":"https:\/\/www.joyandlight.de\/ueber-uns\/"},{"@type":"ListItem","position":2,"name":"Datenschutzerkl\u00e4rung"}]},{"@type":"WebSite","@id":"https:\/\/www.joyandlight.de\/ueber-uns\/#website","url":"https:\/\/www.joyandlight.de\/ueber-uns\/","name":"Gospelchor-Joy-and-Light","description":"Bring Joy and Light into the heart of people","publisher":{"@id":"https:\/\/www.joyandlight.de\/ueber-uns\/#organization"},"alternateName":"Webpage des Gospelchors Joy and Light","potentialAction":[{"@type":"SearchAction","target":{"@type":"EntryPoint","urlTemplate":"https:\/\/www.joyandlight.de\/ueber-uns\/?s={search_term_string}"},"query-input":{"@type":"PropertyValueSpecification","valueRequired":true,"valueName":"search_term_string"}}],"inLanguage":"de"},{"@type":"Organization","@id":"https:\/\/www.joyandlight.de\/ueber-uns\/#organization","name":"Gospelchor Joy&Light","alternateName":"Gospelchor Joy&Light","url":"https:\/\/www.joyandlight.de\/ueber-uns\/","logo":{"@type":"ImageObject","inLanguage":"de","@id":"https:\/\/www.joyandlight.de\/ueber-uns\/#\/schema\/logo\/image\/","url":"https:\/\/www.joyandlight.de\/wp-content\/uploads\/2016\/09\/logo-joy-and-light-e1474115253124.jpg","contentUrl":"https:\/\/www.joyandlight.de\/wp-content\/uploads\/2016\/09\/logo-joy-and-light-e1474115253124.jpg","width":200,"height":172,"caption":"Gospelchor Joy&Light"},"image":{"@id":"https:\/\/www.joyandlight.de\/ueber-uns\/#\/schema\/logo\/image\/"}}]}},"_links":{"self":[{"href":"https:\/\/www.joyandlight.de\/ueber-uns\/wp-json\/wp\/v2\/pages\/580","targetHints":{"allow":["GET"]}}],"collection":[{"href":"https:\/\/www.joyandlight.de\/ueber-uns\/wp-json\/wp\/v2\/pages"}],"about":[{"href":"https:\/\/www.joyandlight.de\/ueber-uns\/wp-json\/wp\/v2\/types\/page"}],"author":[{"embeddable":true,"href":"https:\/\/www.joyandlight.de\/ueber-uns\/wp-json\/wp\/v2\/users\/1"}],"replies":[{"embeddable":true,"href":"https:\/\/www.joyandlight.de\/ueber-uns\/wp-json\/wp\/v2\/comments?post=580"}],"version-history":[{"count":4,"href":"https:\/\/www.joyandlight.de\/ueber-uns\/wp-json\/wp\/v2\/pages\/580\/revisions"}],"predecessor-version":[{"id":619,"href":"https:\/\/www.joyandlight.de\/ueber-uns\/wp-json\/wp\/v2\/pages\/580\/revisions\/619"}],"wp:attachment":[{"href":"https:\/\/www.joyandlight.de\/ueber-uns\/wp-json\/wp\/v2\/media?parent=580"}],"curies":[{"name":"wp","href":"https:\/\/api.w.org\/{rel}","templated":true}]}}