{"id":361,"date":"2016-09-18T11:52:55","date_gmt":"2016-09-18T09:52:55","guid":{"rendered":"http:\/\/385981.test-my-website.de\/wordpress\/?page_id=361"},"modified":"2016-09-18T11:52:55","modified_gmt":"2016-09-18T09:52:55","slug":"geschichte","status":"publish","type":"page","link":"https:\/\/www.joyandlight.de\/ueber-uns\/geschichte\/","title":{"rendered":"Geschichte"},"content":{"rendered":"<p>In den neunziger Jahren entdeckten schwedische Forscher, dass Mitglieder von Ch\u00f6ren eine wesentlich h\u00f6here Lebenserwartung haben als Menschen, die nicht singen. Und ebenfalls in den neunziger Jahren entdeckte eine \u00fcberschaubare Gruppe Fellbacher Singbegeisterter ihre Vorliebe f\u00fcr die Gospelmusik.<\/p>\n<p>Unter der Obhut von Johannes-Brenz- und Melanchthongemeinde wurde der Gospelchor Fellbach gegr\u00fcndet. Als \u201eGr\u00fcnderv\u00e4ter\u201c gelten der damalige Pf. Eberhard Schwarz, Vikar Rudolph Spieth, Diakon Martin Tete und Dr. Martin Becker. Im Oktober 1996 fand die erste Chorprobe unter Leitung von Jochen Reininghaus statt. 2001 \u00fcbernahm Beatrix Steinh\u00fcbl und aus dem Gospelchor Fellbach wurde Joy &amp; Light.<\/p>\n","protected":false},"excerpt":{"rendered":"<p>In den neunziger Jahren entdeckten schwedische Forscher, dass Mitglieder von Ch\u00f6ren eine wesentlich h\u00f6here Lebenserwartung haben als Menschen, die nicht singen. Und ebenfalls in den neunziger<span class=\"excerpt-hellip\"> [\u2026]<\/span><\/p>\n","protected":false},"author":1,"featured_media":0,"parent":0,"menu_order":0,"comment_status":"closed","ping_status":"closed","template":"","meta":{"ngg_post_thumbnail":0,"footnotes":""},"class_list":["post-361","page","type-page","status-publish","hentry"],"yoast_head":"<!-- This site is optimized with the Yoast SEO plugin v27.4 - https:\/\/yoast.com\/product\/yoast-seo-wordpress\/ -->\n<title>Geschichte - Gospelchor-Joy-and-Light<\/title>\n<meta name=\"robots\" content=\"index, follow, max-snippet:-1, max-image-preview:large, max-video-preview:-1\" \/>\n<link rel=\"canonical\" href=\"https:\/\/www.joyandlight.de\/ueber-uns\/geschichte\/\" \/>\n<meta property=\"og:locale\" content=\"de_DE\" \/>\n<meta property=\"og:type\" content=\"article\" \/>\n<meta property=\"og:title\" content=\"Geschichte - Gospelchor-Joy-and-Light\" \/>\n<meta property=\"og:description\" content=\"In den neunziger Jahren entdeckten schwedische Forscher, dass Mitglieder von Ch\u00f6ren eine wesentlich h\u00f6here Lebenserwartung haben als Menschen, die nicht singen. Und ebenfalls in den neunziger [\u2026]\" \/>\n<meta property=\"og:url\" content=\"https:\/\/www.joyandlight.de\/ueber-uns\/geschichte\/\" \/>\n<meta property=\"og:site_name\" content=\"Gospelchor-Joy-and-Light\" \/>\n<meta property=\"og:image\" content=\"https:\/\/www.joyandlight.de\/wp-content\/uploads\/2016\/09\/IMG_komplett-ansocht-1024x683.jpg\" \/>\n\t<meta property=\"og:image:width\" content=\"1024\" \/>\n\t<meta property=\"og:image:height\" content=\"683\" \/>\n\t<meta property=\"og:image:type\" content=\"image\/jpeg\" \/>\n<meta name=\"twitter:card\" content=\"summary_large_image\" \/>\n<script type=\"application\/ld+json\" class=\"yoast-schema-graph\">{\"@context\":\"https:\\\/\\\/schema.org\",\"@graph\":[{\"@type\":\"WebPage\",\"@id\":\"https:\\\/\\\/www.joyandlight.de\\\/ueber-uns\\\/geschichte\\\/\",\"url\":\"https:\\\/\\\/www.joyandlight.de\\\/ueber-uns\\\/geschichte\\\/\",\"name\":\"Geschichte - Gospelchor-Joy-and-Light\",\"isPartOf\":{\"@id\":\"https:\\\/\\\/www.joyandlight.de\\\/ueber-uns\\\/#website\"},\"datePublished\":\"2016-09-18T09:52:55+00:00\",\"breadcrumb\":{\"@id\":\"https:\\\/\\\/www.joyandlight.de\\\/ueber-uns\\\/geschichte\\\/#breadcrumb\"},\"inLanguage\":\"de\",\"potentialAction\":[{\"@type\":\"ReadAction\",\"target\":[\"https:\\\/\\\/www.joyandlight.de\\\/ueber-uns\\\/geschichte\\\/\"]}]},{\"@type\":\"BreadcrumbList\",\"@id\":\"https:\\\/\\\/www.joyandlight.de\\\/ueber-uns\\\/geschichte\\\/#breadcrumb\",\"itemListElement\":[{\"@type\":\"ListItem\",\"position\":1,\"name\":\"Startseite\",\"item\":\"https:\\\/\\\/www.joyandlight.de\\\/ueber-uns\\\/\"},{\"@type\":\"ListItem\",\"position\":2,\"name\":\"Geschichte\"}]},{\"@type\":\"WebSite\",\"@id\":\"https:\\\/\\\/www.joyandlight.de\\\/ueber-uns\\\/#website\",\"url\":\"https:\\\/\\\/www.joyandlight.de\\\/ueber-uns\\\/\",\"name\":\"Gospelchor-Joy-and-Light\",\"description\":\"Bring Joy and Light into the heart of people\",\"publisher\":{\"@id\":\"https:\\\/\\\/www.joyandlight.de\\\/ueber-uns\\\/#organization\"},\"alternateName\":\"Webpage des Gospelchors Joy and Light\",\"potentialAction\":[{\"@type\":\"SearchAction\",\"target\":{\"@type\":\"EntryPoint\",\"urlTemplate\":\"https:\\\/\\\/www.joyandlight.de\\\/ueber-uns\\\/?s={search_term_string}\"},\"query-input\":{\"@type\":\"PropertyValueSpecification\",\"valueRequired\":true,\"valueName\":\"search_term_string\"}}],\"inLanguage\":\"de\"},{\"@type\":\"Organization\",\"@id\":\"https:\\\/\\\/www.joyandlight.de\\\/ueber-uns\\\/#organization\",\"name\":\"Gospelchor Joy&Light\",\"alternateName\":\"Gospelchor Joy&Light\",\"url\":\"https:\\\/\\\/www.joyandlight.de\\\/ueber-uns\\\/\",\"logo\":{\"@type\":\"ImageObject\",\"inLanguage\":\"de\",\"@id\":\"https:\\\/\\\/www.joyandlight.de\\\/ueber-uns\\\/#\\\/schema\\\/logo\\\/image\\\/\",\"url\":\"https:\\\/\\\/www.joyandlight.de\\\/wp-content\\\/uploads\\\/2016\\\/09\\\/logo-joy-and-light-e1474115253124.jpg\",\"contentUrl\":\"https:\\\/\\\/www.joyandlight.de\\\/wp-content\\\/uploads\\\/2016\\\/09\\\/logo-joy-and-light-e1474115253124.jpg\",\"width\":200,\"height\":172,\"caption\":\"Gospelchor Joy&Light\"},\"image\":{\"@id\":\"https:\\\/\\\/www.joyandlight.de\\\/ueber-uns\\\/#\\\/schema\\\/logo\\\/image\\\/\"}}]}<\/script>\n<!-- \/ Yoast SEO plugin. -->","yoast_head_json":{"title":"Geschichte - Gospelchor-Joy-and-Light","robots":{"index":"index","follow":"follow","max-snippet":"max-snippet:-1","max-image-preview":"max-image-preview:large","max-video-preview":"max-video-preview:-1"},"canonical":"https:\/\/www.joyandlight.de\/ueber-uns\/geschichte\/","og_locale":"de_DE","og_type":"article","og_title":"Geschichte - Gospelchor-Joy-and-Light","og_description":"In den neunziger Jahren entdeckten schwedische Forscher, dass Mitglieder von Ch\u00f6ren eine wesentlich h\u00f6here Lebenserwartung haben als Menschen, die nicht singen. Und ebenfalls in den neunziger [\u2026]","og_url":"https:\/\/www.joyandlight.de\/ueber-uns\/geschichte\/","og_site_name":"Gospelchor-Joy-and-Light","og_image":[{"width":1024,"height":683,"url":"https:\/\/www.joyandlight.de\/wp-content\/uploads\/2016\/09\/IMG_komplett-ansocht-1024x683.jpg","type":"image\/jpeg"}],"twitter_card":"summary_large_image","schema":{"@context":"https:\/\/schema.org","@graph":[{"@type":"WebPage","@id":"https:\/\/www.joyandlight.de\/ueber-uns\/geschichte\/","url":"https:\/\/www.joyandlight.de\/ueber-uns\/geschichte\/","name":"Geschichte - Gospelchor-Joy-and-Light","isPartOf":{"@id":"https:\/\/www.joyandlight.de\/ueber-uns\/#website"},"datePublished":"2016-09-18T09:52:55+00:00","breadcrumb":{"@id":"https:\/\/www.joyandlight.de\/ueber-uns\/geschichte\/#breadcrumb"},"inLanguage":"de","potentialAction":[{"@type":"ReadAction","target":["https:\/\/www.joyandlight.de\/ueber-uns\/geschichte\/"]}]},{"@type":"BreadcrumbList","@id":"https:\/\/www.joyandlight.de\/ueber-uns\/geschichte\/#breadcrumb","itemListElement":[{"@type":"ListItem","position":1,"name":"Startseite","item":"https:\/\/www.joyandlight.de\/ueber-uns\/"},{"@type":"ListItem","position":2,"name":"Geschichte"}]},{"@type":"WebSite","@id":"https:\/\/www.joyandlight.de\/ueber-uns\/#website","url":"https:\/\/www.joyandlight.de\/ueber-uns\/","name":"Gospelchor-Joy-and-Light","description":"Bring Joy and Light into the heart of people","publisher":{"@id":"https:\/\/www.joyandlight.de\/ueber-uns\/#organization"},"alternateName":"Webpage des Gospelchors Joy and Light","potentialAction":[{"@type":"SearchAction","target":{"@type":"EntryPoint","urlTemplate":"https:\/\/www.joyandlight.de\/ueber-uns\/?s={search_term_string}"},"query-input":{"@type":"PropertyValueSpecification","valueRequired":true,"valueName":"search_term_string"}}],"inLanguage":"de"},{"@type":"Organization","@id":"https:\/\/www.joyandlight.de\/ueber-uns\/#organization","name":"Gospelchor Joy&Light","alternateName":"Gospelchor Joy&Light","url":"https:\/\/www.joyandlight.de\/ueber-uns\/","logo":{"@type":"ImageObject","inLanguage":"de","@id":"https:\/\/www.joyandlight.de\/ueber-uns\/#\/schema\/logo\/image\/","url":"https:\/\/www.joyandlight.de\/wp-content\/uploads\/2016\/09\/logo-joy-and-light-e1474115253124.jpg","contentUrl":"https:\/\/www.joyandlight.de\/wp-content\/uploads\/2016\/09\/logo-joy-and-light-e1474115253124.jpg","width":200,"height":172,"caption":"Gospelchor Joy&Light"},"image":{"@id":"https:\/\/www.joyandlight.de\/ueber-uns\/#\/schema\/logo\/image\/"}}]}},"_links":{"self":[{"href":"https:\/\/www.joyandlight.de\/ueber-uns\/wp-json\/wp\/v2\/pages\/361","targetHints":{"allow":["GET"]}}],"collection":[{"href":"https:\/\/www.joyandlight.de\/ueber-uns\/wp-json\/wp\/v2\/pages"}],"about":[{"href":"https:\/\/www.joyandlight.de\/ueber-uns\/wp-json\/wp\/v2\/types\/page"}],"author":[{"embeddable":true,"href":"https:\/\/www.joyandlight.de\/ueber-uns\/wp-json\/wp\/v2\/users\/1"}],"replies":[{"embeddable":true,"href":"https:\/\/www.joyandlight.de\/ueber-uns\/wp-json\/wp\/v2\/comments?post=361"}],"version-history":[{"count":1,"href":"https:\/\/www.joyandlight.de\/ueber-uns\/wp-json\/wp\/v2\/pages\/361\/revisions"}],"predecessor-version":[{"id":363,"href":"https:\/\/www.joyandlight.de\/ueber-uns\/wp-json\/wp\/v2\/pages\/361\/revisions\/363"}],"wp:attachment":[{"href":"https:\/\/www.joyandlight.de\/ueber-uns\/wp-json\/wp\/v2\/media?parent=361"}],"curies":[{"name":"wp","href":"https:\/\/api.w.org\/{rel}","templated":true}]}}