{"id":11,"date":"2016-05-28T17:51:26","date_gmt":"2016-05-28T15:51:26","guid":{"rendered":"http:\/\/385981.test-my-website.de\/wordpress\/?page_id=11"},"modified":"2023-08-02T14:32:21","modified_gmt":"2023-08-02T12:32:21","slug":"stimmen-2","status":"publish","type":"page","link":"https:\/\/www.joyandlight.de\/ueber-uns\/stimmen-2\/","title":{"rendered":"Presse"},"content":{"rendered":"<p><span style=\"font-size: 12pt;\">&#8222;<strong>Gospelchor Joy and Light begeistert in der Lutherkirche<\/strong>. Volle R\u00e4nge und gro\u00dfe Begeisterung l\u00f6ste das Konzert des Gospelchors Joy and Light in der Lutherkirche in Fellbach aus&#8230;&#8220;<\/span><br \/>\n<em><span style=\"font-size: 12pt;\"> Fellbacher Zeitung, 07.07.2022<\/span><\/em><\/p>\n<p><span style=\"font-size: 12pt;\">&#8222;<strong>Joy and Light rockt die Melanchtonkirche<\/strong>&#8230; Zum 20. Geburtstag schenkt der Chor sich selbst und der Gemeinde ein mitrei\u00dfendes Konzert &#8230; Irgendwie waren sie am Sonntagnachmittag nicht ganz von dieser Welt&#8230; In einem wahren Freudentaumel lief das Konzert zum 20-j\u00e4hrigen Bestehens des Chors ab&#8230; Bei einzelnen Songs traten &nbsp;insgesamt 17 Solisten aus den Chor-Reihen auf und begeisterten mit unterschiedlichen und oft au\u00dfergew\u00f6hnlichen Intonationen und Interpretationen&#8230; mit dem ganzen K\u00f6rper dr\u00fcckten die S\u00e4ngerinnen und S\u00e4nger ihre Gef\u00fchle aus&#8230;&#8220;<\/span><br \/>\n<em><span style=\"font-size: 12pt;\"> Fellbacher Zeitung, 26.10.2016<\/span><\/em><\/p>\n<p><span style=\"font-size: 12pt;\">&#8222;<strong>Das Konzert &#8230; ein Geschenk f\u00fcr die Zuh\u00f6rer<\/strong>&#8230; Thema &#8218;Bridge over troubled water&#8217;&#8230; Br\u00fcckenschlag ist am Sonntag perfekt gelungen. Beatrix Steinh\u00fcbl leitete die Chorgemeinschaft souver\u00e4n und unpr\u00e4tenti\u00f6s. .. wundersch\u00f6n die Harmonie zwischen den Musikern.. &#8222;<\/span><br \/>\n<em><span style=\"font-size: 12pt;\"> Fellbacher Zeitung, 01.12.2015<\/span><\/em><\/p>\n<p><span style=\"font-size: 12pt;\">&#8222;<strong>Freudige Gesichter<\/strong> &#8230; die Besucher erlebten ein mitrei\u00dfendes weihnachtliches Konzert&#8230;Beatrix Steinh\u00fcbl leitete das Konzert souver\u00e4n&#8230;Ovationen im Stehen f\u00fcr den Chor, die Musiker und die Chorleiterin machten das Gl\u00fcck aller Anwesenden perfekt&#8230; &#8222;<\/span><br \/>\n<span style=\"font-size: 12pt;\"> Fellbacher Zeitung, 14.12.2013<\/span><\/p>\n<p><span style=\"font-size: 12pt;\">&#8222;<strong>Gute Nachrichten f\u00fcr eine bessere Welt<\/strong>&#8230;. Der Gospelchor Joy and Light veranstaltet musikalischen Flashmob&#8230;..es geht um eine bessere Welt.&#8220;<\/span><br \/>\n<em><span style=\"font-size: 12pt;\"> Fellbacher Zeitung, 23.9.2013<\/span><\/em><\/p>\n<p><span style=\"font-size: 12pt;\">&#8222;Der Chorleiterin Beatrix Steinh\u00fcbl gelingt es mit ihrem sp\u00fcrbaren Engagement, ihr S\u00e4ngerinnen und S\u00e4nger zur H\u00f6chstform zu motivieren. &#8230;.mitrei\u00dfend war die Vorstellung in jedem Fall, <strong>die Zuh\u00f6rer spendeten immer wieder begeisterten Applaus<\/strong>.&#8220;<\/span><br \/>\n<em><span style=\"font-size: 12pt;\"> Fellbacher Zeitung, 23.7.2013<\/span><\/em><\/p>\n<p><span style=\"font-size: 12pt;\">&#8222;<strong>Mit ganzem Herzen dabei<\/strong>&#8230;.Rund 400 Besucher&#8230;&#8220;<\/span><br \/>\n<em><span style=\"font-size: 12pt;\"> Fellbacher Zeitung, 30.11.2011<\/span><\/em><\/p>\n<p><span style=\"font-size: 12pt;\">&#8222;<strong>Freude und Licht in der Kirche<\/strong>&#8230;.der Gospelchor Joy and Light schickt die Gemeinde mit einem bewegenden Konzert in die Sommerferien&#8230;.&#8220;<\/span><br \/>\n<em><span style=\"font-size: 12pt;\"> Fellbacher Zeitung, 26.7.2011<\/span><\/em><\/p>\n<p><span style=\"font-size: 12pt;\">&#8222;Mit seinem Auftritt schenkte der Chor den Zuh\u00f6rern Freude und Licht. Die Begeisterung steigerte sich von Song zu Song und endete &#8230; <strong>mit Ovationen im Stehen<\/strong>.&#8220;<\/span><br \/>\n<em><span style=\"font-size: 12pt;\"> Fellbacher Zeitung, 17.6.2011<\/span><\/em><\/p>\n<p><span style=\"font-size: 12pt;\">&#8222;Chorleiterin Beatrix Steinh\u00fcbl gelingt es einmal mehr, ihren Chor zum Lob Gottes zu Jubelt\u00f6nen anzuspornen&#8230;.Der Chor &#8222;Joy and Light&#8220; bekommt viel Applaus f\u00fcr sein Konzert in der Melanchthonkirche &#8211; und tut etwas f\u00fcr andere&#8220;<\/span><br \/>\n<em><span style=\"font-size: 12pt;\"> Fellbacher Zeitung, 30.11.2010<\/span><\/em><\/p>\n<p><span style=\"font-size: 12pt;\">&#8222;Chor und Solisten von Joy and Light zeigen eine mitrei\u00dfende Vorstellung&#8230; Beseelter und beschwingter Ausklang rei\u00dft von den Sitzen&#8220;<br \/>\n<\/span><em><span style=\"font-size: 12pt;\"> Fellbacher Zeitung, 20.7.2010<\/span><\/em><\/p>\n<p><span style=\"font-size: 12pt;\">&#8222;Der rund 50-k\u00f6pfige Chor unter der Leitung von Beatrix Steinh\u00fcbl gefiel w\u00e4hrend seines ansprechenden Programms denn auch besonders durch den sensiblen Willen zur Gestaltung. Mal in sich gekehrt und reflektierend&#8230;, mal voller Kraft und Dynamik&#8230;&#8220;<\/span><br \/>\n<em><span style=\"font-size: 12pt;\"> Fellbacher Zeitung, 2.12.2008<\/span><\/em><\/p>\n<p><span style=\"font-size: 12pt;\">&#8222;Kein Zuh\u00f6rer konnte sich der Dynamik und Vitalit\u00e4t der Gospels entziehen&#8230;&#8220;<\/span><br \/>\n<em><span style=\"font-size: 12pt;\"> Fellbacher Zeitung, 12\/2007<\/span><\/em><\/p>\n<p><span style=\"font-size: 12pt;\">&#8222;Es wird langsam eine Tradition: erster Advent und ein Gospelkonzert von Joy &amp; Light, f\u00fcr das es kaum mehr Stehpl\u00e4tze gibt, begeisterte Zuh\u00f6rer, die den Chor kaum aus dem Raum lassen. Nur eins ver\u00e4ndert sich: der Chor. Er wird immer besser.&#8220;<\/span><br \/>\n<span style=\"font-size: 12pt;\"> F<em>ellbacher Zeitung, 5.12.2006<\/em><\/span><\/p>\n<p><span style=\"font-size: 12pt;\">&#8222;Pralle Lebensfreude in Noten&#8230;,&#8220;<\/span><br \/>\n<em><span style=\"font-size: 12pt;\"> Fellbacher Zeitung, 30.7.2006<\/span><\/em><\/p>\n","protected":false},"excerpt":{"rendered":"<p>&#8222;Gospelchor Joy and Light begeistert in der Lutherkirche. Volle R\u00e4nge und gro\u00dfe Begeisterung l\u00f6ste das Konzert des Gospelchors Joy and Light in der Lutherkirche in Fellbach<span class=\"excerpt-hellip\"> [\u2026]<\/span><\/p>\n","protected":false},"author":1,"featured_media":0,"parent":0,"menu_order":0,"comment_status":"closed","ping_status":"closed","template":"","meta":{"ngg_post_thumbnail":0,"footnotes":""},"class_list":["post-11","page","type-page","status-publish","hentry"],"yoast_head":"<!-- This site is optimized with the Yoast SEO plugin v26.8 - https:\/\/yoast.com\/product\/yoast-seo-wordpress\/ -->\n<title>Presse - Gospelchor-Joy-and-Light<\/title>\n<meta name=\"robots\" content=\"index, follow, max-snippet:-1, max-image-preview:large, max-video-preview:-1\" \/>\n<link rel=\"canonical\" href=\"https:\/\/www.joyandlight.de\/ueber-uns\/stimmen-2\/\" \/>\n<meta property=\"og:locale\" content=\"de_DE\" \/>\n<meta property=\"og:type\" content=\"article\" \/>\n<meta property=\"og:title\" content=\"Presse - Gospelchor-Joy-and-Light\" \/>\n<meta property=\"og:description\" content=\"&#8222;Gospelchor Joy and Light begeistert in der Lutherkirche. Volle R\u00e4nge und gro\u00dfe Begeisterung l\u00f6ste das Konzert des Gospelchors Joy and Light in der Lutherkirche in Fellbach [\u2026]\" \/>\n<meta property=\"og:url\" content=\"https:\/\/www.joyandlight.de\/ueber-uns\/stimmen-2\/\" \/>\n<meta property=\"og:site_name\" content=\"Gospelchor-Joy-and-Light\" \/>\n<meta property=\"article:modified_time\" content=\"2023-08-02T12:32:21+00:00\" \/>\n<meta property=\"og:image\" content=\"https:\/\/www.joyandlight.de\/wp-content\/uploads\/2016\/09\/IMG_komplett-ansocht-1024x683.jpg\" \/>\n\t<meta property=\"og:image:width\" content=\"1024\" \/>\n\t<meta property=\"og:image:height\" content=\"683\" \/>\n\t<meta property=\"og:image:type\" content=\"image\/jpeg\" \/>\n<meta name=\"twitter:card\" content=\"summary_large_image\" \/>\n<meta name=\"twitter:label1\" content=\"Gesch\u00e4tzte Lesezeit\" \/>\n\t<meta name=\"twitter:data1\" content=\"3\u00a0Minuten\" \/>\n<script type=\"application\/ld+json\" class=\"yoast-schema-graph\">{\"@context\":\"https:\/\/schema.org\",\"@graph\":[{\"@type\":\"WebPage\",\"@id\":\"https:\/\/www.joyandlight.de\/ueber-uns\/stimmen-2\/\",\"url\":\"https:\/\/www.joyandlight.de\/ueber-uns\/stimmen-2\/\",\"name\":\"Presse - Gospelchor-Joy-and-Light\",\"isPartOf\":{\"@id\":\"https:\/\/www.joyandlight.de\/ueber-uns\/#website\"},\"datePublished\":\"2016-05-28T15:51:26+00:00\",\"dateModified\":\"2023-08-02T12:32:21+00:00\",\"breadcrumb\":{\"@id\":\"https:\/\/www.joyandlight.de\/ueber-uns\/stimmen-2\/#breadcrumb\"},\"inLanguage\":\"de\",\"potentialAction\":[{\"@type\":\"ReadAction\",\"target\":[\"https:\/\/www.joyandlight.de\/ueber-uns\/stimmen-2\/\"]}]},{\"@type\":\"BreadcrumbList\",\"@id\":\"https:\/\/www.joyandlight.de\/ueber-uns\/stimmen-2\/#breadcrumb\",\"itemListElement\":[{\"@type\":\"ListItem\",\"position\":1,\"name\":\"Startseite\",\"item\":\"https:\/\/www.joyandlight.de\/ueber-uns\/\"},{\"@type\":\"ListItem\",\"position\":2,\"name\":\"Presse\"}]},{\"@type\":\"WebSite\",\"@id\":\"https:\/\/www.joyandlight.de\/ueber-uns\/#website\",\"url\":\"https:\/\/www.joyandlight.de\/ueber-uns\/\",\"name\":\"Gospelchor-Joy-and-Light\",\"description\":\"Bring Joy and Light into the heart of people\",\"publisher\":{\"@id\":\"https:\/\/www.joyandlight.de\/ueber-uns\/#organization\"},\"alternateName\":\"Webpage des Gospelchors Joy and Light\",\"potentialAction\":[{\"@type\":\"SearchAction\",\"target\":{\"@type\":\"EntryPoint\",\"urlTemplate\":\"https:\/\/www.joyandlight.de\/ueber-uns\/?s={search_term_string}\"},\"query-input\":{\"@type\":\"PropertyValueSpecification\",\"valueRequired\":true,\"valueName\":\"search_term_string\"}}],\"inLanguage\":\"de\"},{\"@type\":\"Organization\",\"@id\":\"https:\/\/www.joyandlight.de\/ueber-uns\/#organization\",\"name\":\"Gospelchor Joy&Light\",\"alternateName\":\"Gospelchor Joy&Light\",\"url\":\"https:\/\/www.joyandlight.de\/ueber-uns\/\",\"logo\":{\"@type\":\"ImageObject\",\"inLanguage\":\"de\",\"@id\":\"https:\/\/www.joyandlight.de\/ueber-uns\/#\/schema\/logo\/image\/\",\"url\":\"https:\/\/www.joyandlight.de\/wp-content\/uploads\/2016\/09\/logo-joy-and-light-e1474115253124.jpg\",\"contentUrl\":\"https:\/\/www.joyandlight.de\/wp-content\/uploads\/2016\/09\/logo-joy-and-light-e1474115253124.jpg\",\"width\":200,\"height\":172,\"caption\":\"Gospelchor Joy&Light\"},\"image\":{\"@id\":\"https:\/\/www.joyandlight.de\/ueber-uns\/#\/schema\/logo\/image\/\"}}]}<\/script>\n<!-- \/ Yoast SEO plugin. -->","yoast_head_json":{"title":"Presse - Gospelchor-Joy-and-Light","robots":{"index":"index","follow":"follow","max-snippet":"max-snippet:-1","max-image-preview":"max-image-preview:large","max-video-preview":"max-video-preview:-1"},"canonical":"https:\/\/www.joyandlight.de\/ueber-uns\/stimmen-2\/","og_locale":"de_DE","og_type":"article","og_title":"Presse - Gospelchor-Joy-and-Light","og_description":"&#8222;Gospelchor Joy and Light begeistert in der Lutherkirche. Volle R\u00e4nge und gro\u00dfe Begeisterung l\u00f6ste das Konzert des Gospelchors Joy and Light in der Lutherkirche in Fellbach [\u2026]","og_url":"https:\/\/www.joyandlight.de\/ueber-uns\/stimmen-2\/","og_site_name":"Gospelchor-Joy-and-Light","article_modified_time":"2023-08-02T12:32:21+00:00","og_image":[{"width":1024,"height":683,"url":"https:\/\/www.joyandlight.de\/wp-content\/uploads\/2016\/09\/IMG_komplett-ansocht-1024x683.jpg","type":"image\/jpeg"}],"twitter_card":"summary_large_image","twitter_misc":{"Gesch\u00e4tzte Lesezeit":"3\u00a0Minuten"},"schema":{"@context":"https:\/\/schema.org","@graph":[{"@type":"WebPage","@id":"https:\/\/www.joyandlight.de\/ueber-uns\/stimmen-2\/","url":"https:\/\/www.joyandlight.de\/ueber-uns\/stimmen-2\/","name":"Presse - Gospelchor-Joy-and-Light","isPartOf":{"@id":"https:\/\/www.joyandlight.de\/ueber-uns\/#website"},"datePublished":"2016-05-28T15:51:26+00:00","dateModified":"2023-08-02T12:32:21+00:00","breadcrumb":{"@id":"https:\/\/www.joyandlight.de\/ueber-uns\/stimmen-2\/#breadcrumb"},"inLanguage":"de","potentialAction":[{"@type":"ReadAction","target":["https:\/\/www.joyandlight.de\/ueber-uns\/stimmen-2\/"]}]},{"@type":"BreadcrumbList","@id":"https:\/\/www.joyandlight.de\/ueber-uns\/stimmen-2\/#breadcrumb","itemListElement":[{"@type":"ListItem","position":1,"name":"Startseite","item":"https:\/\/www.joyandlight.de\/ueber-uns\/"},{"@type":"ListItem","position":2,"name":"Presse"}]},{"@type":"WebSite","@id":"https:\/\/www.joyandlight.de\/ueber-uns\/#website","url":"https:\/\/www.joyandlight.de\/ueber-uns\/","name":"Gospelchor-Joy-and-Light","description":"Bring Joy and Light into the heart of people","publisher":{"@id":"https:\/\/www.joyandlight.de\/ueber-uns\/#organization"},"alternateName":"Webpage des Gospelchors Joy and Light","potentialAction":[{"@type":"SearchAction","target":{"@type":"EntryPoint","urlTemplate":"https:\/\/www.joyandlight.de\/ueber-uns\/?s={search_term_string}"},"query-input":{"@type":"PropertyValueSpecification","valueRequired":true,"valueName":"search_term_string"}}],"inLanguage":"de"},{"@type":"Organization","@id":"https:\/\/www.joyandlight.de\/ueber-uns\/#organization","name":"Gospelchor Joy&Light","alternateName":"Gospelchor Joy&Light","url":"https:\/\/www.joyandlight.de\/ueber-uns\/","logo":{"@type":"ImageObject","inLanguage":"de","@id":"https:\/\/www.joyandlight.de\/ueber-uns\/#\/schema\/logo\/image\/","url":"https:\/\/www.joyandlight.de\/wp-content\/uploads\/2016\/09\/logo-joy-and-light-e1474115253124.jpg","contentUrl":"https:\/\/www.joyandlight.de\/wp-content\/uploads\/2016\/09\/logo-joy-and-light-e1474115253124.jpg","width":200,"height":172,"caption":"Gospelchor Joy&Light"},"image":{"@id":"https:\/\/www.joyandlight.de\/ueber-uns\/#\/schema\/logo\/image\/"}}]}},"_links":{"self":[{"href":"https:\/\/www.joyandlight.de\/ueber-uns\/wp-json\/wp\/v2\/pages\/11","targetHints":{"allow":["GET"]}}],"collection":[{"href":"https:\/\/www.joyandlight.de\/ueber-uns\/wp-json\/wp\/v2\/pages"}],"about":[{"href":"https:\/\/www.joyandlight.de\/ueber-uns\/wp-json\/wp\/v2\/types\/page"}],"author":[{"embeddable":true,"href":"https:\/\/www.joyandlight.de\/ueber-uns\/wp-json\/wp\/v2\/users\/1"}],"replies":[{"embeddable":true,"href":"https:\/\/www.joyandlight.de\/ueber-uns\/wp-json\/wp\/v2\/comments?post=11"}],"version-history":[{"count":17,"href":"https:\/\/www.joyandlight.de\/ueber-uns\/wp-json\/wp\/v2\/pages\/11\/revisions"}],"predecessor-version":[{"id":939,"href":"https:\/\/www.joyandlight.de\/ueber-uns\/wp-json\/wp\/v2\/pages\/11\/revisions\/939"}],"wp:attachment":[{"href":"https:\/\/www.joyandlight.de\/ueber-uns\/wp-json\/wp\/v2\/media?parent=11"}],"curies":[{"name":"wp","href":"https:\/\/api.w.org\/{rel}","templated":true}]}}